{"id":4458,"date":"2022-05-18T14:42:02","date_gmt":"2022-05-18T14:42:02","guid":{"rendered":"https:\/\/tplabs.co\/wanzor\/?page_id=4458"},"modified":"2022-05-18T14:42:02","modified_gmt":"2022-05-18T14:42:02","slug":"blog-grid","status":"publish","type":"page","link":"https:\/\/inttegrare.com.br\/novo\/blog-grid\/","title":{"rendered":"Blog Grid"},"content":{"rendered":"\t\t<div data-elementor-type=\"wp-page\" data-elementor-id=\"4458\" class=\"elementor elementor-4458\">\n\t\t\t\t\t\t<section class=\"elementor-section elementor-top-section elementor-element elementor-element-ea1ad0a elementor-section-boxed elementor-section-height-default elementor-section-height-default\" data-id=\"ea1ad0a\" data-element_type=\"section\" data-e-type=\"section\">\n\t\t\t\t\t\t<div class=\"elementor-container elementor-column-gap-default\">\n\t\t\t\t\t<div class=\"elementor-column elementor-col-100 elementor-top-column elementor-element elementor-element-25f4506\" data-id=\"25f4506\" data-element_type=\"column\" data-e-type=\"column\">\n\t\t\t<div class=\"elementor-widget-wrap elementor-element-populated\">\n\t\t\t\t\t\t<div class=\"elementor-element elementor-element-4936ae3 elementor-widget elementor-widget-spacer\" data-id=\"4936ae3\" data-element_type=\"widget\" data-e-type=\"widget\" data-widget_type=\"spacer.default\">\n\t\t\t\t<div class=\"elementor-widget-container\">\n\t\t\t\t\t\t\t<div class=\"elementor-spacer\">\n\t\t\t<div class=\"elementor-spacer-inner\"><\/div>\n\t\t<\/div>\n\t\t\t\t\t\t<\/div>\n\t\t\t\t<\/div>\n\t\t\t\t<div class=\"elementor-element elementor-element-3cb5643 news-style-1 elementor-widget elementor-widget-mae-news-grid\" data-id=\"3cb5643\" data-element_type=\"widget\" data-e-type=\"widget\" data-widget_type=\"mae-news-grid.default\">\n\t\t\t\t<div class=\"elementor-widget-container\">\n\t\t\t\t\t\n        <div class=\"master-portfolio news-style-1\" data-config='{\"columns\":3,\"columnsTablet\":2,\"columnsMobile\":1,\"gapHorizontal\":30,\"gapVertical\":30,\"layoutMode\":\"grid\"}'>\n            <div class=\"galleries cbp\">\n                                    \n                        <div class=\"master-news cbp-item\">\n                            <div class=\"image-wrap\"><a class=\"thumb\" href=\"https:\/\/inttegrare.com.br\/novo\/2025\/11\/13\/psicoterapia-para-idosos-cuidar-da-mente-e-cuidar-da-vida\/\" aria-label=\"Psicoterapia para Idosos \u2013 Cuidar da mente \u00e9 cuidar da vida\"><span class=\"inner\"><img fetchpriority=\"high\" decoding=\"async\" width=\"370\" height=\"250\" src=\"https:\/\/inttegrare.com.br\/novo\/wp-content\/uploads\/2025\/11\/portrait-elderly-couple-love1-370x250.png\" class=\"attachment-mae-std2 size-mae-std2 wp-post-image\" alt=\"\" \/><\/span><\/a><span class=\"post-date trapezoid\">13 Nov<\/span><\/div><div class=\"content-wrap\"><div class=\"post-meta\"><span class=\"post-by-author item\"><span class=\"prefix\">by<\/span> \n                    <a class=\"name\" href=\"https:\/\/inttegrare.com.br\/novo\/author\/develop\/\" title=\"View all posts by develop\">develop<\/a>\n                <\/span><\/div><h3 class=\"headline-2\"><a href=\"https:\/\/inttegrare.com.br\/novo\/2025\/11\/13\/psicoterapia-para-idosos-cuidar-da-mente-e-cuidar-da-vida\/\">Psicoterapia para Idosos \u2013 Cuidar da mente \u00e9 cuidar da vida<\/a><\/h3><div class=\"desc\">Envelhecer \u00e9 um processo natural e cheio de aprendizados, mas tamb\u00e9m pode<\/div>            <div class=\"url-wrap\">\n                <a class=\"master-button small btn-accent icon-right btn-hover-2\" href=\"https:\/\/inttegrare.com.br\/novo\/2025\/11\/13\/psicoterapia-para-idosos-cuidar-da-mente-e-cuidar-da-vida\/\">\n                    <span class=\"inner\">\n                        <span class=\"content-base\">\n                                                        <span class=\"text\">Read more<\/span>\n                            <span class=\"icon \"><\/span>                        <\/span>\n\n                        <span class=\"content-hover\">\n                                                        <span class=\"text\">Read more<\/span>\n                            <span class=\"icon \"><\/span>                        <\/span>\n                    <\/span>\n\n                    <span class=\"bg-hover\"><\/span>                <\/a>\n            <\/div>\n\n            <\/div>                        <\/div>\n                    \n                        <div class=\"master-news cbp-item\">\n                            <div class=\"image-wrap\"><a class=\"thumb\" href=\"https:\/\/inttegrare.com.br\/novo\/2025\/11\/13\/psicoterapia-para-maes-atipicas-cuidar-de-quem-cuida\/\" aria-label=\"Psicoterapia para M\u00e3es At\u00edpicas \u2013 Cuidar de quem cuida\"><span class=\"inner\"><img decoding=\"async\" width=\"370\" height=\"250\" src=\"https:\/\/inttegrare.com.br\/novo\/wp-content\/uploads\/2025\/11\/laughing-mother-daughter-looking-camera-front-view-young-woman-with-preteen-child-isolated-pink-background1-370x250.jpg\" class=\"attachment-mae-std2 size-mae-std2 wp-post-image\" alt=\"\" \/><\/span><\/a><span class=\"post-date trapezoid\">13 Nov<\/span><\/div><div class=\"content-wrap\"><div class=\"post-meta\"><span class=\"post-by-author item\"><span class=\"prefix\">by<\/span> \n                    <a class=\"name\" href=\"https:\/\/inttegrare.com.br\/novo\/author\/develop\/\" title=\"View all posts by develop\">develop<\/a>\n                <\/span><\/div><h3 class=\"headline-2\"><a href=\"https:\/\/inttegrare.com.br\/novo\/2025\/11\/13\/psicoterapia-para-maes-atipicas-cuidar-de-quem-cuida\/\">Psicoterapia para M\u00e3es At\u00edpicas \u2013 Cuidar de quem cuida<\/a><\/h3><div class=\"desc\">Ser m\u00e3e \u00e9 um desafio di\u00e1rio \u2014 e quando se trata de<\/div>            <div class=\"url-wrap\">\n                <a class=\"master-button small btn-accent icon-right btn-hover-2\" href=\"https:\/\/inttegrare.com.br\/novo\/2025\/11\/13\/psicoterapia-para-maes-atipicas-cuidar-de-quem-cuida\/\">\n                    <span class=\"inner\">\n                        <span class=\"content-base\">\n                                                        <span class=\"text\">Read more<\/span>\n                            <span class=\"icon \"><\/span>                        <\/span>\n\n                        <span class=\"content-hover\">\n                                                        <span class=\"text\">Read more<\/span>\n                            <span class=\"icon \"><\/span>                        <\/span>\n                    <\/span>\n\n                    <span class=\"bg-hover\"><\/span>                <\/a>\n            <\/div>\n\n            <\/div>                        <\/div>\n                    \n                        <div class=\"master-news cbp-item\">\n                            <div class=\"image-wrap\"><a class=\"thumb\" href=\"https:\/\/inttegrare.com.br\/novo\/2022\/06\/04\/watch-how-its-heart-out-while-playing-piano\/\" aria-label=\"Voc\u00ea sabia que Dificuldades na leitura podem acarretar preju\u00edzo na Matem\u00e1tica?\"><span class=\"inner\"><img decoding=\"async\" width=\"370\" height=\"250\" src=\"https:\/\/inttegrare.com.br\/novo\/wp-content\/uploads\/2022\/05\/teacher-explaining-lesson-girl-370x250.jpg\" class=\"attachment-mae-std2 size-mae-std2 wp-post-image\" alt=\"\" \/><\/span><\/a><span class=\"post-date trapezoid\">04 Jun<\/span><\/div><div class=\"content-wrap\"><div class=\"post-meta\"><span class=\"post-by-author item\"><span class=\"prefix\">by<\/span> \n                    <a class=\"name\" href=\"https:\/\/inttegrare.com.br\/novo\/author\/develop\/\" title=\"View all posts by develop\">develop<\/a>\n                <\/span><\/div><h3 class=\"headline-2\"><a href=\"https:\/\/inttegrare.com.br\/novo\/2022\/06\/04\/watch-how-its-heart-out-while-playing-piano\/\">Voc\u00ea sabia que Dificuldades na leitura podem acarretar preju\u00edzo na Matem\u00e1tica?<\/a><\/h3><div class=\"desc\">A Matem\u00e1tica \u00e9 considerada uma das disciplinas que ocasiona o maior \u00edndice<\/div>            <div class=\"url-wrap\">\n                <a class=\"master-button small btn-accent icon-right btn-hover-2\" href=\"https:\/\/inttegrare.com.br\/novo\/2022\/06\/04\/watch-how-its-heart-out-while-playing-piano\/\">\n                    <span class=\"inner\">\n                        <span class=\"content-base\">\n                                                        <span class=\"text\">Read more<\/span>\n                            <span class=\"icon \"><\/span>                        <\/span>\n\n                        <span class=\"content-hover\">\n                                                        <span class=\"text\">Read more<\/span>\n                            <span class=\"icon \"><\/span>                        <\/span>\n                    <\/span>\n\n                    <span class=\"bg-hover\"><\/span>                <\/a>\n            <\/div>\n\n            <\/div>                        <\/div>\n                    \n                        <div class=\"master-news cbp-item\">\n                            <div class=\"image-wrap\"><a class=\"thumb\" href=\"https:\/\/inttegrare.com.br\/novo\/2022\/06\/04\/how-to-work-form-home-with-pet\/\" aria-label=\"Cuidados com sua voz!\"><span class=\"inner\"><img loading=\"lazy\" decoding=\"async\" width=\"370\" height=\"250\" src=\"https:\/\/inttegrare.com.br\/novo\/wp-content\/uploads\/2022\/05\/portrait-young-person-with-thought-bubble-370x250.jpg\" class=\"attachment-mae-std2 size-mae-std2 wp-post-image\" alt=\"\" \/><\/span><\/a><span class=\"post-date trapezoid\">04 Jun<\/span><\/div><div class=\"content-wrap\"><div class=\"post-meta\"><span class=\"post-by-author item\"><span class=\"prefix\">by<\/span> \n                    <a class=\"name\" href=\"https:\/\/inttegrare.com.br\/novo\/author\/develop\/\" title=\"View all posts by develop\">develop<\/a>\n                <\/span><\/div><h3 class=\"headline-2\"><a href=\"https:\/\/inttegrare.com.br\/novo\/2022\/06\/04\/how-to-work-form-home-with-pet\/\">Cuidados com sua voz!<\/a><\/h3><div class=\"desc\">Existem cuidados b\u00e1sicos que podem auxiliar a preservar a sa\u00fade vocal, prevenindo<\/div>            <div class=\"url-wrap\">\n                <a class=\"master-button small btn-accent icon-right btn-hover-2\" href=\"https:\/\/inttegrare.com.br\/novo\/2022\/06\/04\/how-to-work-form-home-with-pet\/\">\n                    <span class=\"inner\">\n                        <span class=\"content-base\">\n                                                        <span class=\"text\">Read more<\/span>\n                            <span class=\"icon \"><\/span>                        <\/span>\n\n                        <span class=\"content-hover\">\n                                                        <span class=\"text\">Read more<\/span>\n                            <span class=\"icon \"><\/span>                        <\/span>\n                    <\/span>\n\n                    <span class=\"bg-hover\"><\/span>                <\/a>\n            <\/div>\n\n            <\/div>                        <\/div>\n                    \n                        <div class=\"master-news cbp-item\">\n                            <div class=\"image-wrap\"><a class=\"thumb\" href=\"https:\/\/inttegrare.com.br\/novo\/2022\/06\/04\/tips-and-tricks-puppys-first-grooming\/\" aria-label=\"Voc\u00ea anda esquecido? Como melhorar sua mem\u00f3ria operacional?\"><span class=\"inner\"><img loading=\"lazy\" decoding=\"async\" width=\"370\" height=\"250\" src=\"https:\/\/inttegrare.com.br\/novo\/wp-content\/uploads\/2022\/06\/elderly-man-sits-holding-his-head-suffering-from-memory-loss-370x250.jpg\" class=\"attachment-mae-std2 size-mae-std2 wp-post-image\" alt=\"\" \/><\/span><\/a><span class=\"post-date trapezoid\">04 Jun<\/span><\/div><div class=\"content-wrap\"><div class=\"post-meta\"><span class=\"post-by-author item\"><span class=\"prefix\">by<\/span> \n                    <a class=\"name\" href=\"https:\/\/inttegrare.com.br\/novo\/author\/develop\/\" title=\"View all posts by develop\">develop<\/a>\n                <\/span><\/div><h3 class=\"headline-2\"><a href=\"https:\/\/inttegrare.com.br\/novo\/2022\/06\/04\/tips-and-tricks-puppys-first-grooming\/\">Voc\u00ea anda esquecido? Como melhorar sua mem\u00f3ria operacional?<\/a><\/h3><div class=\"desc\">O que nos faz lembrar de uma detalhada hist\u00f3ria ocorrida no passado?<\/div>            <div class=\"url-wrap\">\n                <a class=\"master-button small btn-accent icon-right btn-hover-2\" href=\"https:\/\/inttegrare.com.br\/novo\/2022\/06\/04\/tips-and-tricks-puppys-first-grooming\/\">\n                    <span class=\"inner\">\n                        <span class=\"content-base\">\n                                                        <span class=\"text\">Read more<\/span>\n                            <span class=\"icon \"><\/span>                        <\/span>\n\n                        <span class=\"content-hover\">\n                                                        <span class=\"text\">Read more<\/span>\n                            <span class=\"icon \"><\/span>                        <\/span>\n                    <\/span>\n\n                    <span class=\"bg-hover\"><\/span>                <\/a>\n            <\/div>\n\n            <\/div>                        <\/div>\n                                <\/div><!-- galleries -->\n        <\/div><!-- master-portfolio -->\n        \t\t\t\t<\/div>\n\t\t\t\t<\/div>\n\t\t\t\t<div class=\"elementor-element elementor-element-83b5462 elementor-widget elementor-widget-spacer\" data-id=\"83b5462\" data-element_type=\"widget\" data-e-type=\"widget\" data-widget_type=\"spacer.default\">\n\t\t\t\t<div class=\"elementor-widget-container\">\n\t\t\t\t\t\t\t<div class=\"elementor-spacer\">\n\t\t\t<div class=\"elementor-spacer-inner\"><\/div>\n\t\t<\/div>\n\t\t\t\t\t\t<\/div>\n\t\t\t\t<\/div>\n\t\t\t\t\t<\/div>\n\t\t<\/div>\n\t\t\t\t\t<\/div>\n\t\t<\/section>\n\t\t\t\t<\/div>\n\t\t","protected":false},"excerpt":{"rendered":"<p>04 Mayby admin \/0 Comments Watch how its heart out while playing piano Lorem ipsum dolor sit amet, cibo mundi ea duo, vim exerci phaedrum. Read more Read more 04 Mayby admin \/2 Comments The importance of playtime for cats Lorem ipsum dolor sit amet, cibo mundi ea duo, vim<\/p>\n","protected":false},"author":1,"featured_media":0,"parent":0,"menu_order":0,"comment_status":"closed","ping_status":"closed","template":"","meta":{"inline_featured_image":false,"footnotes":""},"class_list":["post-4458","page","type-page","status-publish","hentry"],"_links":{"self":[{"href":"https:\/\/inttegrare.com.br\/novo\/wp-json\/wp\/v2\/pages\/4458","targetHints":{"allow":["GET"]}}],"collection":[{"href":"https:\/\/inttegrare.com.br\/novo\/wp-json\/wp\/v2\/pages"}],"about":[{"href":"https:\/\/inttegrare.com.br\/novo\/wp-json\/wp\/v2\/types\/page"}],"author":[{"embeddable":true,"href":"https:\/\/inttegrare.com.br\/novo\/wp-json\/wp\/v2\/users\/1"}],"replies":[{"embeddable":true,"href":"https:\/\/inttegrare.com.br\/novo\/wp-json\/wp\/v2\/comments?post=4458"}],"version-history":[{"count":0,"href":"https:\/\/inttegrare.com.br\/novo\/wp-json\/wp\/v2\/pages\/4458\/revisions"}],"wp:attachment":[{"href":"https:\/\/inttegrare.com.br\/novo\/wp-json\/wp\/v2\/media?parent=4458"}],"curies":[{"name":"wp","href":"https:\/\/api.w.org\/{rel}","templated":true}]}}