{"id":5436,"date":"2024-04-17T17:35:08","date_gmt":"2024-04-17T17:35:08","guid":{"rendered":"http:\/\/inttegrare.com.br\/novo\/?page_id=5436"},"modified":"2024-10-07T16:05:40","modified_gmt":"2024-10-07T16:05:40","slug":"meier","status":"publish","type":"page","link":"https:\/\/inttegrare.com.br\/novo\/meier\/","title":{"rendered":"M\u00e9ier"},"content":{"rendered":"\t\t<div data-elementor-type=\"wp-page\" data-elementor-id=\"5436\" class=\"elementor elementor-5436\">\n\t\t\t\t\t\t<section class=\"elementor-section elementor-top-section elementor-element elementor-element-8435c54 elementor-section-full_width elementor-section-stretched elementor-section-height-default elementor-section-height-default\" data-id=\"8435c54\" data-element_type=\"section\" data-e-type=\"section\" data-settings=\"{&quot;stretch_section&quot;:&quot;section-stretched&quot;}\">\n\t\t\t\t\t\t<div class=\"elementor-container elementor-column-gap-no\">\n\t\t\t\t\t<div class=\"elementor-column elementor-col-100 elementor-top-column elementor-element elementor-element-8b0ed3d\" data-id=\"8b0ed3d\" data-element_type=\"column\" data-e-type=\"column\">\n\t\t\t<div class=\"elementor-widget-wrap elementor-element-populated\">\n\t\t\t\t\t\t<div class=\"elementor-element elementor-element-bbfcff5 elementor-widget elementor-widget-spacer\" data-id=\"bbfcff5\" data-element_type=\"widget\" data-e-type=\"widget\" data-widget_type=\"spacer.default\">\n\t\t\t\t<div class=\"elementor-widget-container\">\n\t\t\t\t\t\t\t<div class=\"elementor-spacer\">\n\t\t\t<div class=\"elementor-spacer-inner\"><\/div>\n\t\t<\/div>\n\t\t\t\t\t\t<\/div>\n\t\t\t\t<\/div>\n\t\t\t\t<section class=\"elementor-section elementor-inner-section elementor-element elementor-element-f51c409 elementor-section-content-middle elementor-section-boxed elementor-section-height-default elementor-section-height-default\" data-id=\"f51c409\" data-element_type=\"section\" data-e-type=\"section\">\n\t\t\t\t\t\t<div class=\"elementor-container elementor-column-gap-default\">\n\t\t\t\t\t<div class=\"elementor-column elementor-col-50 elementor-inner-column elementor-element elementor-element-ccbc475\" data-id=\"ccbc475\" data-element_type=\"column\" data-e-type=\"column\">\n\t\t\t<div class=\"elementor-widget-wrap elementor-element-populated\">\n\t\t\t\t\t\t<div class=\"elementor-element elementor-element-e442732 align-left icon-default elementor-invisible elementor-widget elementor-widget-mae-icon-text\" data-id=\"e442732\" data-element_type=\"widget\" data-e-type=\"widget\" data-settings=\"{&quot;_animation&quot;:&quot;fadeInUpSmall&quot;,&quot;_animation_delay&quot;:300}\" data-widget_type=\"mae-icon-text.default\">\n\t\t\t\t<div class=\"elementor-widget-container\">\n\t\t\t\t\t\n\t\t<div class=\"master-icon-text\">\n\t        <div class=\"icon-wrap\">\n\t\t        \t        <\/div> \n\n\t        <div class=\"content-wrap\">\n\t            Unidade\t        <\/div>\n\t    <\/div>\n\n\t    \t\t\t\t<\/div>\n\t\t\t\t<\/div>\n\t\t\t\t<div class=\"elementor-element elementor-element-4a168d1 align-left icon-default elementor-invisible elementor-widget elementor-widget-mae-icon-text\" data-id=\"4a168d1\" data-element_type=\"widget\" data-e-type=\"widget\" data-settings=\"{&quot;_animation&quot;:&quot;fadeInUpSmall&quot;,&quot;_animation_delay&quot;:300}\" data-widget_type=\"mae-icon-text.default\">\n\t\t\t\t<div class=\"elementor-widget-container\">\n\t\t\t\t\t\n\t\t<div class=\"master-icon-text\">\n\t        <div class=\"icon-wrap\">\n\t\t        \t        <\/div> \n\n\t        <div class=\"content-wrap\">\n\t            Marca\u00e7\u00e3o de Consulta:<br \/>\t        <\/div>\n\t    <\/div>\n\n\t    \t\t\t\t<\/div>\n\t\t\t\t<\/div>\n\t\t\t\t<div class=\"elementor-element elementor-element-c24b889 align-left heading-default elementor-invisible elementor-widget elementor-widget-mae-headings\" data-id=\"c24b889\" data-element_type=\"widget\" data-e-type=\"widget\" data-settings=\"{&quot;_animation&quot;:&quot;fadeInUpSmall&quot;,&quot;_animation_delay&quot;:300}\" data-widget_type=\"mae-headings.default\">\n\t\t\t\t<div class=\"elementor-widget-container\">\n\t\t\t\t\t\t\t<div class=\"master-heading sep-none\">\n\t\t\t\t        \n\t        \n\t        \t        <h2 class=\"main-heading\">M\u00e9ier<\/h2>\n\t        \n\t        \n\t        \t            <div class=\"sub-heading\"><strong>Endere\u00e7o:<\/strong><br \/>\nRua Silva Rabelo, 18 - M\u00e9ier (3\u00b0 andar)<br \/>\nEdif\u00edcio Pal\u00e1cio do Com\u00e9rcio<br \/>\nPr\u00f3ximo \u00e0 Esta\u00e7\u00e3o de Trem (cerca de 100m)<br \/><br \/>\n\n<strong>Telefones:<\/strong><br \/>\n(21) 2595-1312<br \/>\n(21) 99217-2809 <br \/><br \/>\n\n<strong>E-mail:<\/strong><br \/>\ninttegrare@inttegrare.com.br<\/div>\n\t        \t    <\/div>\n\t    \t\t\t\t<\/div>\n\t\t\t\t<\/div>\n\t\t\t\t<div class=\"elementor-element elementor-element-9ea3fa2 elementor-invisible elementor-widget elementor-widget-mae-button\" data-id=\"9ea3fa2\" data-element_type=\"widget\" data-e-type=\"widget\" data-settings=\"{&quot;_animation&quot;:&quot;fadeInUpSmall&quot;,&quot;_animation_delay&quot;:300}\" data-widget_type=\"mae-button.default\">\n\t\t\t\t<div class=\"elementor-widget-container\">\n\t\t\t\t\t\n        \n        <a class=\"master-button btn-accent icon-left medium btn-hover-2\" href=\"https:\/\/api.whatsapp.com\/send?phone=5521992172809\" \n            target=&quot;_blank&quot; >\n\n            <span class=\"inner\">\n                <span class=\"content-base\">\n                    <span class=\"icon fab fa-whatsapp\"><\/span>                    <span class=\"text\">(21) 99217-2809<\/span>\n                                    <\/span>\n\n                <span class=\"content-hover\">\n                    <span class=\"icon fab fa-whatsapp\"><\/span>                    <span class=\"text\">(21) 99217-2809<\/span>\n                                    <\/span>\n            <\/span>\n\n            <span class=\"bg-hover\"><\/span>        <\/a>\n\n        \t\t\t\t<\/div>\n\t\t\t\t<\/div>\n\t\t\t\t\t<\/div>\n\t\t<\/div>\n\t\t\t\t<div class=\"elementor-column elementor-col-50 elementor-inner-column elementor-element elementor-element-a70b1b3\" data-id=\"a70b1b3\" data-element_type=\"column\" data-e-type=\"column\">\n\t\t\t<div class=\"elementor-widget-wrap elementor-element-populated\">\n\t\t\t\t\t\t<div class=\"elementor-element elementor-element-5ca0b73 elementor-invisible elementor-widget elementor-widget-html\" data-id=\"5ca0b73\" data-element_type=\"widget\" data-e-type=\"widget\" data-settings=\"{&quot;_animation&quot;:&quot;slideInLeft&quot;}\" data-widget_type=\"html.default\">\n\t\t\t\t<div class=\"elementor-widget-container\">\n\t\t\t\t\t<iframe src=\"https:\/\/www.google.com\/maps\/embed?pb=!1m14!1m8!1m3!1d14701.295282164341!2d-43.27944!3d-22.901424!3m2!1i1024!2i768!4f13.1!3m3!1m2!1s0x997dbabd0d7165%3A0x78a3658fddb2a7b1!2sCl%C3%ADnica%20Inttegrare!5e0!3m2!1spt-BR!2sus!4v1713376309170!5m2!1spt-BR!2sus\" width=\"600\" height=\"550\" style=\"border:0;\" allowfullscreen=\"\" loading=\"lazy\" referrerpolicy=\"no-referrer-when-downgrade\"><\/iframe>\t\t\t\t<\/div>\n\t\t\t\t<\/div>\n\t\t\t\t\t<\/div>\n\t\t<\/div>\n\t\t\t\t\t<\/div>\n\t\t<\/section>\n\t\t\t\t\t<\/div>\n\t\t<\/div>\n\t\t\t\t\t<\/div>\n\t\t<\/section>\n\t\t\t\t<section class=\"elementor-section elementor-top-section elementor-element elementor-element-f6cdc9d elementor-section-full_width elementor-section-stretched elementor-section-height-default elementor-section-height-default\" data-id=\"f6cdc9d\" data-element_type=\"section\" data-e-type=\"section\" data-settings=\"{&quot;stretch_section&quot;:&quot;section-stretched&quot;}\">\n\t\t\t\t\t\t<div class=\"elementor-container elementor-column-gap-no\">\n\t\t\t\t\t<div class=\"elementor-column elementor-col-100 elementor-top-column elementor-element elementor-element-b544309\" data-id=\"b544309\" data-element_type=\"column\" data-e-type=\"column\">\n\t\t\t<div class=\"elementor-widget-wrap elementor-element-populated\">\n\t\t\t\t\t\t<div class=\"elementor-element elementor-element-2b05aba elementor-widget elementor-widget-spacer\" data-id=\"2b05aba\" data-element_type=\"widget\" data-e-type=\"widget\" data-widget_type=\"spacer.default\">\n\t\t\t\t<div class=\"elementor-widget-container\">\n\t\t\t\t\t\t\t<div class=\"elementor-spacer\">\n\t\t\t<div class=\"elementor-spacer-inner\"><\/div>\n\t\t<\/div>\n\t\t\t\t\t\t<\/div>\n\t\t\t\t<\/div>\n\t\t\t\t<section class=\"elementor-section elementor-inner-section elementor-element elementor-element-9b3e0be elementor-section-full_width elementor-section-content-middle elementor-section-height-default elementor-section-height-default\" data-id=\"9b3e0be\" data-element_type=\"section\" data-e-type=\"section\">\n\t\t\t\t\t\t<div class=\"elementor-container elementor-column-gap-no\">\n\t\t\t\t\t<div class=\"elementor-column elementor-col-50 elementor-inner-column elementor-element elementor-element-2aeba31\" data-id=\"2aeba31\" data-element_type=\"column\" data-e-type=\"column\">\n\t\t\t<div class=\"elementor-widget-wrap elementor-element-populated\">\n\t\t\t\t\t\t<div class=\"elementor-element elementor-element-71ef07e elementor-invisible elementor-widget elementor-widget-mae-image-morphing\" data-id=\"71ef07e\" data-element_type=\"widget\" data-e-type=\"widget\" data-settings=\"{&quot;_animation&quot;:&quot;fadeInLeft&quot;,&quot;_animation_delay&quot;:300}\" data-widget_type=\"mae-image-morphing.default\">\n\t\t\t\t<div class=\"elementor-widget-container\">\n\t\t\t\t\t\n                <div class=\"master-wrap\">\n                                <div class=\"master-decor image elementor-repeater-item-3e1065b \">\n                        <img fetchpriority=\"high\" decoding=\"async\" width=\"1033\" height=\"771\" src=\"https:\/\/inttegrare.com.br\/novo\/wp-content\/uploads\/2023\/12\/line.png\" class=\"attachment-full size-full\" alt=\"\" srcset=\"https:\/\/inttegrare.com.br\/novo\/wp-content\/uploads\/2023\/12\/line.png 1033w, https:\/\/inttegrare.com.br\/novo\/wp-content\/uploads\/2023\/12\/line-300x224.png 300w, https:\/\/inttegrare.com.br\/novo\/wp-content\/uploads\/2023\/12\/line-1024x764.png 1024w, https:\/\/inttegrare.com.br\/novo\/wp-content\/uploads\/2023\/12\/line-768x573.png 768w, https:\/\/inttegrare.com.br\/novo\/wp-content\/uploads\/2023\/12\/line-600x448.png 600w\" sizes=\"(max-width: 1033px) 100vw, 1033px\" \/>                    <\/div>\n                \n\t\t<div class=\"master-image-morphing\" data-config='{\"repeat\":4,\"duration\":3000}'>\n\t\t\t<svg viewBox=\"0 0 352 190\">\n                                    <clipPath id=\"clip1771963897\">\n                        <path d=\"M145.9,187.5c-0.2,0-0.5,0-0.7,0c-1-0.3-1.9-0.1-2.9-0.1c-0.4,0-0.8,0-1.2,0c-7.6,0-15.1-1.2-22.6-2.5\n\tc-18.7-3.1-37.2-7.3-55.5-12.3c-9.3-2.6-18.5-5.4-27.4-9.1c-1.7-0.7-3.4-1.5-5-2.3c-4-2-7.1-5.1-9.8-8.6c-7.8-9.8-12.3-21-13.9-33.3\n\tc-0.9-6.7-0.5-13.3,2.7-19.5c2.2-4.2,4.5-8.3,7-12.4c3-4.9,6.1-9.7,8.7-14.8c1.6-3.1,2.9-6.3,3.6-9.6c0.8-3.4,3-5.8,5.3-8.2\n\tc4.1-4.1,8.6-7.8,13.2-11.4c4.3-3.4,8.6-6.8,12.7-10.5c3-2.7,5.9-5.5,7.9-9.2c2.3-4.3,6.2-7,10.5-9.2c4.4-2.2,8.8-4.4,13.2-6.8\n\tc3.4-1.8,7.1-2.5,11-2.6c8.1-0.3,15.9,1.3,23.8,3c8.3,1.9,16.5,4.2,24.7,6.1c5.6,1.3,11.2,2.2,16.9,2.5c5.5,0.4,10.9,1,16.3,1.5\n\tc5,0.5,9.9,0.9,14.9,1.2c3.1,0.2,6.2,0.1,9.3,0.2c9.4,0.2,18.6-1.1,27.7-3.1c9.5-2.1,18.8-4.9,28.2-7.5c8.2-2.3,16.4-4.3,24.9-5.5\n\tc2.7-0.4,5.4-0.4,8-0.5c0.4,0,0.8,0.1,1.2-0.1c0.9,0,1.8,0,2.7,0c1.5,0.3,3,0.1,4.5,0.1c0.5-0.1,1.1,0.1,1.6-0.1c0.2,0,0.5,0,0.7,0\n\tc1.8,0.3,3.6,0.2,5.3,0.4c9.3,1.1,17.8,4.1,24.2,11.3c4.4,4.9,7.2,10.6,7.3,17.3c0,0.2,0,0.3,0.1,0.4c0,0.6,0,1.3,0,1.9\n\tc-0.2,1.1-0.2,2.3,0,3.4c0,0.7,0,1.5,0,2.2c-0.3,2.8-0.6,5.7-1.5,8.4c-1.8,6-4.4,11.6-7.4,17.1c-4.9,8.9-10.7,17.3-15.7,26.2\n\tc-3.8,6.7-7.1,13.5-8.9,21c-1,4.2-1.4,8.4-1.6,12.7c-0.3,6.2,0,12.4-0.2,18.6c-0.3,8-2.1,15.7-6.4,22.6c-3.8,6.1-8.9,10.7-15.3,13.9\n\tc-6.2,3-12.7,4.5-19.6,5.1c-9.3,0.7-18.4-0.2-27.5-1.8c-7.4-1.3-14.8-2.8-22.2-3.8c-10.5-1.5-21-1.1-31.4,0.9\n\tc-8.2,1.5-16.3,3.5-24.5,5.1c-5.3,1-10.7,1.8-16.2,1.8C146.2,187.4,146,187.4,145.9,187.5z\"><\/path>\n                    <\/clipPath>        \n                                    <clipPath >\n                        <path d=\"M143.5,177.6c-0.2,0-2.6,0.9-2.8,0.9c-1-0.3-1.6,0.5-2.6,0.5c-0.4,0-9.7,2.7-10.1,2.7c-7.6,0-19.5,4.4-27,3.1\n\tc-18.7-3.1-19.6-7.3-37.9-12.3c-9.3-2.6-18.5-5.4-27.4-9.1c-1.7-0.7-3.4-1.5-5-2.3c-4-2-7.1-5.1-9.8-8.6c-7.8-9.8-12.3-21-13.9-33.3\n\tC6,112.6,6.4,106,9.6,99.8c2.2-4.2,4.5-8.3,7-12.4c3-4.9,6.1-9.7,8.7-14.8c1.6-3.1,2.9-6.3,3.6-9.6c0.8-3.4,3-5.8,5.3-8.2\n\tc4.1-4.1,8.6-7.8,13.2-11.4c4.3-3.4,8.6-6.8,12.7-10.5c3-2.7,5.9-5.5,7.9-9.2c2.3-4.3,4.9-7.1,9.2-9.3c6-1.7,9.7-2.3,15.6-3.7\n\tc4.5-1,10.7-2.2,14.4-2.9c8.6-1.7,26.2-4.3,35.3-4.1c8.2-0.1,8.7-0.3,17.4,0.9c5.6,1.3,9.3,1.5,15,3.1c5.3,0.8,9,1.8,14.1,2.7\n\tc5,0.5,8,1.1,13,1.4c3.1,0.2,7.2-0.2,10.3-0.1c9.9-0.9,15.3-2,24.4-4c9.5-2.1,8.7-1.5,19.3-2.2c0.9,0,4.4-0.4,11.5,0\n\tc2.6,0.1,3.4,0.2,6,0.4c1.2,0.2,2.1,0.4,3.3,0.8c1,0.2,2,0.4,2.9,0.6c1.5,0.3,1.5,0.3,2.8,0.7c0.7,0.3,0.8,0.3,1.7,0.7\n\tc0.6,0.3,0.7,0.3,1.2,0.6c1.6,0.7,1,0.5,2,0.8c0.8,0.5,2.8,0.7,7.7,4.9c2.6,2.5,3.3,3.2,4.3,4.4c0.6,0.8,1.1,1.2,1.6,1.8\n\tc0.4,0.7,2.9,4.5,3.5,5.5c0.6,1.2,1.8,3.8,2.1,4.8c0.3,0.7,1.9,6.7,2,7.4c0.4,2.8,0.7,7.6,0.8,10.6c0.3,6.3,0,5.7,0.1,11.3\n\tc0.6,9-0.1,5.6,0.8,14.7c2.6,9.8,7.3,20.9,11.8,28.1c3.6,5.8,10.6,15.8,12.3,20.2c3.1,6.4,10,19.1,9.8,25.3\n\tc1.3,8.1-1.6,23.8-8.9,28.1c-5.1,3.8-16.5,10.2-23.6,9.9c-6.3,0.6-36.6-2.4-43.4-5.3c-9.7-2.4-22-6.8-31.1-8.4\n\tc-7.4-1.3-16.6-2.2-24-3.2c-12.1,0.6-20,0.3-30.4,1.5c-8.2,1.5-14.6,0.8-22.8,2.4c-5.3,1-7.6,2.6-13.1,2.6\n\tC146.6,176.8,143.6,177.5,143.5,177.6z\"><\/path>\n                    <\/clipPath>        \n                                <g clip-path=\"url(#clip1771963897)\">\n                                            <image xlink:href=\"http:\/\/inttegrare.com.br\/novo\/wp-content\/uploads\/2023\/12\/side-view-adult-experiencing-hearing-issues.jpg\" width=\"1000\" height=\"785\"><\/image>       \n                                    <\/g>\n            <\/svg>\n\n            \t\t<\/div>\n\t\t<\/div>\t\t\t\t<\/div>\n\t\t\t\t<\/div>\n\t\t\t\t\t<\/div>\n\t\t<\/div>\n\t\t\t\t<div class=\"elementor-column elementor-col-50 elementor-inner-column elementor-element elementor-element-940b464 col-fix-6\" data-id=\"940b464\" data-element_type=\"column\" data-e-type=\"column\">\n\t\t\t<div class=\"elementor-widget-wrap elementor-element-populated\">\n\t\t\t\t\t\t<div class=\"elementor-element elementor-element-9e26a18 align-left icon-default elementor-invisible elementor-widget elementor-widget-mae-icon-text\" data-id=\"9e26a18\" data-element_type=\"widget\" data-e-type=\"widget\" data-settings=\"{&quot;_animation&quot;:&quot;fadeInUpSmall&quot;,&quot;_animation_delay&quot;:300}\" data-widget_type=\"mae-icon-text.default\">\n\t\t\t\t<div class=\"elementor-widget-container\">\n\t\t\t\t\t\n\t\t<div class=\"master-icon-text\">\n\t        <div class=\"icon-wrap\">\n\t\t        \t        <\/div> \n\n\t        <div class=\"content-wrap\">\n\t            Ser\u00e1 um prazer atend\u00ea-lo!\t        <\/div>\n\t    <\/div>\n\n\t    \t\t\t\t<\/div>\n\t\t\t\t<\/div>\n\t\t\t\t<div class=\"elementor-element elementor-element-d4f909c align-left heading-default elementor-invisible elementor-widget elementor-widget-mae-headings\" data-id=\"d4f909c\" data-element_type=\"widget\" data-e-type=\"widget\" data-settings=\"{&quot;_animation&quot;:&quot;fadeInUpSmall&quot;,&quot;_animation_delay&quot;:300}\" data-widget_type=\"mae-headings.default\">\n\t\t\t\t<div class=\"elementor-widget-container\">\n\t\t\t\t\t\t\t<div class=\"master-heading sep-none\">\n\t\t\t\t        \n\t        \n\t        \t        <h2 class=\"main-heading\">Nossas Unidades<\/h2>\n\t        \n\t        \n\t        \t            <div class=\"sub-heading\">Nossa equipe est\u00e1 preparada para lhe atender com aten\u00e7\u00e3o e o carinho que voc\u00ea merece! Estamos localizados em tr\u00eas pontos do Rio de Janeiro e Niter\u00f3i:<\/div>\n\t        \t    <\/div>\n\t    \t\t\t\t<\/div>\n\t\t\t\t<\/div>\n\t\t\t\t<div class=\"elementor-element elementor-element-31697b2 elementor-invisible elementor-widget elementor-widget-mae-button\" data-id=\"31697b2\" data-element_type=\"widget\" data-e-type=\"widget\" data-settings=\"{&quot;_animation&quot;:&quot;fadeInUpSmall&quot;,&quot;_animation_delay&quot;:300}\" data-widget_type=\"mae-button.default\">\n\t\t\t\t<div class=\"elementor-widget-container\">\n\t\t\t\t\t\n        \n        <a class=\"master-button btn-accent icon-left medium btn-hover-2\" href=\"http:\/\/www.inttegrare.com.br\/novo\/meier\" \n            target=&quot;_blank&quot; >\n\n            <span class=\"inner\">\n                <span class=\"content-base\">\n                    <span class=\"icon ci ci-arrow-pointing-to-right\"><\/span>                    <span class=\"text\">Unidade M\u00e9ier<\/span>\n                                    <\/span>\n\n                <span class=\"content-hover\">\n                    <span class=\"icon ci ci-arrow-pointing-to-right\"><\/span>                    <span class=\"text\">Unidade M\u00e9ier<\/span>\n                                    <\/span>\n            <\/span>\n\n            <span class=\"bg-hover\"><\/span>        <\/a>\n\n        \t\t\t\t<\/div>\n\t\t\t\t<\/div>\n\t\t\t\t<div class=\"elementor-element elementor-element-4c6f31b elementor-widget elementor-widget-spacer\" data-id=\"4c6f31b\" data-element_type=\"widget\" data-e-type=\"widget\" data-widget_type=\"spacer.default\">\n\t\t\t\t<div class=\"elementor-widget-container\">\n\t\t\t\t\t\t\t<div class=\"elementor-spacer\">\n\t\t\t<div class=\"elementor-spacer-inner\"><\/div>\n\t\t<\/div>\n\t\t\t\t\t\t<\/div>\n\t\t\t\t<\/div>\n\t\t\t\t<div class=\"elementor-element elementor-element-626ef2e elementor-invisible elementor-widget elementor-widget-mae-button\" data-id=\"626ef2e\" data-element_type=\"widget\" data-e-type=\"widget\" data-settings=\"{&quot;_animation&quot;:&quot;fadeInUpSmall&quot;,&quot;_animation_delay&quot;:300}\" data-widget_type=\"mae-button.default\">\n\t\t\t\t<div class=\"elementor-widget-container\">\n\t\t\t\t\t\n        \n        <a class=\"master-button btn-accent icon-left medium btn-hover-2\" href=\"http:\/\/www.inttegrare.com.br\/novo\/niteroi\" \n            target=&quot;_blank&quot; >\n\n            <span class=\"inner\">\n                <span class=\"content-base\">\n                    <span class=\"icon ci ci-arrow-pointing-to-right\"><\/span>                    <span class=\"text\">Unidade Niter\u00f3i<\/span>\n                                    <\/span>\n\n                <span class=\"content-hover\">\n                    <span class=\"icon ci ci-arrow-pointing-to-right\"><\/span>                    <span class=\"text\">Unidade Niter\u00f3i<\/span>\n                                    <\/span>\n            <\/span>\n\n            <span class=\"bg-hover\"><\/span>        <\/a>\n\n        \t\t\t\t<\/div>\n\t\t\t\t<\/div>\n\t\t\t\t<div class=\"elementor-element elementor-element-7d10f0f elementor-widget elementor-widget-spacer\" data-id=\"7d10f0f\" data-element_type=\"widget\" data-e-type=\"widget\" data-widget_type=\"spacer.default\">\n\t\t\t\t<div class=\"elementor-widget-container\">\n\t\t\t\t\t\t\t<div class=\"elementor-spacer\">\n\t\t\t<div class=\"elementor-spacer-inner\"><\/div>\n\t\t<\/div>\n\t\t\t\t\t\t<\/div>\n\t\t\t\t<\/div>\n\t\t\t\t<div class=\"elementor-element elementor-element-c09f952 elementor-invisible elementor-widget elementor-widget-mae-button\" data-id=\"c09f952\" data-element_type=\"widget\" data-e-type=\"widget\" data-settings=\"{&quot;_animation&quot;:&quot;fadeInUpSmall&quot;,&quot;_animation_delay&quot;:300}\" data-widget_type=\"mae-button.default\">\n\t\t\t\t<div class=\"elementor-widget-container\">\n\t\t\t\t\t\n        \n        <a class=\"master-button btn-accent icon-left medium btn-hover-2\" href=\"http:\/\/www.inttegrare.com.br\/novo\/madureira\" \n            target=&quot;_blank&quot; >\n\n            <span class=\"inner\">\n                <span class=\"content-base\">\n                    <span class=\"icon ci ci-arrow-pointing-to-right\"><\/span>                    <span class=\"text\">Unidade Madureira<\/span>\n                                    <\/span>\n\n                <span class=\"content-hover\">\n                    <span class=\"icon ci ci-arrow-pointing-to-right\"><\/span>                    <span class=\"text\">Unidade Madureira<\/span>\n                                    <\/span>\n            <\/span>\n\n            <span class=\"bg-hover\"><\/span>        <\/a>\n\n        \t\t\t\t<\/div>\n\t\t\t\t<\/div>\n\t\t\t\t\t<\/div>\n\t\t<\/div>\n\t\t\t\t\t<\/div>\n\t\t<\/section>\n\t\t\t\t<div class=\"elementor-element elementor-element-99c5d49 elementor-widget elementor-widget-spacer\" data-id=\"99c5d49\" data-element_type=\"widget\" data-e-type=\"widget\" data-widget_type=\"spacer.default\">\n\t\t\t\t<div class=\"elementor-widget-container\">\n\t\t\t\t\t\t\t<div class=\"elementor-spacer\">\n\t\t\t<div class=\"elementor-spacer-inner\"><\/div>\n\t\t<\/div>\n\t\t\t\t\t\t<\/div>\n\t\t\t\t<\/div>\n\t\t\t\t\t<\/div>\n\t\t<\/div>\n\t\t\t\t\t<\/div>\n\t\t<\/section>\n\t\t\t\t<\/div>\n\t\t","protected":false},"excerpt":{"rendered":"<p>Unidade Marca\u00e7\u00e3o de Consulta: M\u00e9ier Endere\u00e7o: Rua Silva Rabelo, 18 &#8211; M\u00e9ier (3\u00b0 andar) Edif\u00edcio Pal\u00e1cio do Com\u00e9rcio Pr\u00f3ximo \u00e0 Esta\u00e7\u00e3o de Trem (cerca de 100m) Telefones: (21) 2595-1312 (21) 99217-2809 E-mail: inttegrare@inttegrare.com.br (21) 99217-2809 (21) 99217-2809 Ser\u00e1 um prazer atend\u00ea-lo! Nossas Unidades Nossa equipe est\u00e1 preparada para lhe atender<\/p>\n","protected":false},"author":1,"featured_media":0,"parent":0,"menu_order":0,"comment_status":"closed","ping_status":"closed","template":"","meta":{"inline_featured_image":false,"footnotes":""},"class_list":["post-5436","page","type-page","status-publish","hentry"],"_links":{"self":[{"href":"https:\/\/inttegrare.com.br\/novo\/wp-json\/wp\/v2\/pages\/5436","targetHints":{"allow":["GET"]}}],"collection":[{"href":"https:\/\/inttegrare.com.br\/novo\/wp-json\/wp\/v2\/pages"}],"about":[{"href":"https:\/\/inttegrare.com.br\/novo\/wp-json\/wp\/v2\/types\/page"}],"author":[{"embeddable":true,"href":"https:\/\/inttegrare.com.br\/novo\/wp-json\/wp\/v2\/users\/1"}],"replies":[{"embeddable":true,"href":"https:\/\/inttegrare.com.br\/novo\/wp-json\/wp\/v2\/comments?post=5436"}],"version-history":[{"count":61,"href":"https:\/\/inttegrare.com.br\/novo\/wp-json\/wp\/v2\/pages\/5436\/revisions"}],"predecessor-version":[{"id":5565,"href":"https:\/\/inttegrare.com.br\/novo\/wp-json\/wp\/v2\/pages\/5436\/revisions\/5565"}],"wp:attachment":[{"href":"https:\/\/inttegrare.com.br\/novo\/wp-json\/wp\/v2\/media?parent=5436"}],"curies":[{"name":"wp","href":"https:\/\/api.w.org\/{rel}","templated":true}]}}